{"id":9528,"date":"2022-01-02T15:16:39","date_gmt":"2022-01-02T14:16:39","guid":{"rendered":"https:\/\/promusic.at\/produkt\/ibanez-atz10p-stm-andy-timmons-signature-e-guitar-6-string-sunburst-matte-bag\/"},"modified":"2026-01-22T13:38:49","modified_gmt":"2026-01-22T12:38:49","slug":"ibanez-atz10p-stm-andy-timmons-signature-e-guitar-6-string-sunburst-matte-bag","status":"publish","type":"product","link":"https:\/\/promusic.at\/en\/produkt\/ibanez-atz10p-stm-andy-timmons-signature-e-guitar-6-string-sunburst-matte-bag\/","title":{"rendered":"Ibanez ATZ10P-STM Andy Timmons Signature E-Guitar 6 String &#8211; Sunburst Matte + Bag"},"content":{"rendered":"<h3 class=\"\" data-start=\"185\" data-end=\"289\"><strong data-start=\"189\" data-end=\"287\">Vintage-Vibe trifft moderne Performance \u2013 Andy Timmons\u2019 Signature-Sound in Premium-Ausf\u00fchrung.<\/strong><\/h3>\n<p class=\"\" data-start=\"290\" data-end=\"656\">Die <strong data-start=\"294\" data-end=\"315\">Ibanez ATZ10P-STM<\/strong> bringt den charaktervollen Ton und das Spielgef\u00fchl von <strong data-start=\"371\" data-end=\"387\">Andy Timmons<\/strong> in ein professionelles, aber zug\u00e4ngliches Signature-Modell. Mit einem klassischen Look im <strong data-start=\"478\" data-end=\"503\">Sunburst Matte Finish<\/strong>, einem komfortablen Halsprofil und hochwertigen DiMarzio-Pickups liefert sie Ausdrucksst\u00e4rke und Pr\u00e4zision f\u00fcr B\u00fchne und Studio \u2013 ganz in Timmons\u2019 Stil.<\/p>\n<hr class=\"\" data-start=\"658\" data-end=\"661\" \/>\n<h3 class=\"\" data-start=\"663\" data-end=\"711\"><strong data-start=\"667\" data-end=\"711\">Technische Daten (laut Herstellerangabe)<\/strong><\/h3>\n<ul data-start=\"713\" data-end=\"2142\">\n<li class=\"\" data-start=\"713\" data-end=\"816\">\n<p class=\"\" data-start=\"715\" data-end=\"816\"><strong data-start=\"715\" data-end=\"726\">Korpus:<\/strong> Erle (Alder)<br data-start=\"739\" data-end=\"742\" \/>Klassisch ausgewogen \u2013 mit klarer Ansprache und angenehmem Mitten-Punch.<\/p>\n<\/li>\n<li class=\"\" data-start=\"818\" data-end=\"939\">\n<p class=\"\" data-start=\"820\" data-end=\"939\"><strong data-start=\"820\" data-end=\"829\">Hals:<\/strong> 1-teilig Ahorn, ATZ-Profil, geschraubt<br data-start=\"868\" data-end=\"871\" \/>Komfortabel und griffig \u2013 f\u00fcr weiche Soli und kontrollierte Riffs.<\/p>\n<\/li>\n<li class=\"\" data-start=\"941\" data-end=\"1094\">\n<p class=\"\" data-start=\"943\" data-end=\"1094\"><strong data-start=\"943\" data-end=\"958\">Griffbrett:<\/strong> <em data-start=\"959\" data-end=\"993\">Roasted Maple (ger\u00f6steter Ahorn)<\/em> mit schwarzen Dot-Inlays<br data-start=\"1015\" data-end=\"1018\" \/>Knackig, stabil, seidenmatt \u2013 bietet modernes Spielgef\u00fchl mit Vintage-Ton.<\/p>\n<\/li>\n<li class=\"\" data-start=\"1096\" data-end=\"1191\">\n<p class=\"\" data-start=\"1098\" data-end=\"1191\"><strong data-start=\"1098\" data-end=\"1109\">Mensur:<\/strong> 648 mm (25.5&#8243;)<br data-start=\"1124\" data-end=\"1127\" \/>Standardma\u00df f\u00fcr klare Intonation und sauberes Saiten-Handling.<\/p>\n<\/li>\n<li class=\"\" data-start=\"1193\" data-end=\"1313\">\n<p class=\"\" data-start=\"1195\" data-end=\"1313\"><strong data-start=\"1195\" data-end=\"1205\">B\u00fcnde:<\/strong> 22 Jumbo, Edelstahl<br data-start=\"1225\" data-end=\"1228\" \/>Glatt, langlebig, perfekt verarbeitet \u2013 f\u00fcr m\u00fcheloses Bending und pr\u00e4zises Greifen.<\/p>\n<\/li>\n<li class=\"\" data-start=\"1315\" data-end=\"1563\">\n<p class=\"\" data-start=\"1317\" data-end=\"1335\"><strong data-start=\"1317\" data-end=\"1333\">Tonabnehmer:<\/strong><\/p>\n<ul data-start=\"1338\" data-end=\"1563\">\n<li class=\"\" data-start=\"1338\" data-end=\"1374\">\n<p class=\"\" data-start=\"1340\" data-end=\"1374\"><strong data-start=\"1340\" data-end=\"1349\">Steg:<\/strong> DiMarzio\u00ae The Cruiser\u00ae<\/p>\n<\/li>\n<li class=\"\" data-start=\"1377\" data-end=\"1414\">\n<p class=\"\" data-start=\"1379\" data-end=\"1414\"><strong data-start=\"1379\" data-end=\"1389\">Mitte:<\/strong> DiMarzio\u00ae The Cruiser\u00ae<\/p>\n<\/li>\n<li class=\"\" data-start=\"1417\" data-end=\"1563\">\n<p class=\"\" data-start=\"1419\" data-end=\"1563\"><strong data-start=\"1419\" data-end=\"1428\">Hals:<\/strong> DiMarzio\u00ae The Cruiser\u00ae<br data-start=\"1451\" data-end=\"1454\" \/>Humbucker im Singlecoil-Format \u2013 rauscharme Vintage-Tonabnehmer mit dynamischem Attack und warmer Tonf\u00fclle.<\/p>\n<\/li>\n<\/ul>\n<\/li>\n<li class=\"\" data-start=\"1565\" data-end=\"1703\">\n<p class=\"\" data-start=\"1567\" data-end=\"1703\"><strong data-start=\"1567\" data-end=\"1582\">Elektronik:<\/strong> 1x Volume, 1x Tone, 5-Wege-Schalter<br data-start=\"1618\" data-end=\"1621\" \/>Klassisch aufgebaut \u2013 mit cleverer Pickup-Schaltung f\u00fcr flexible Soundvarianten.<\/p>\n<\/li>\n<li class=\"\" data-start=\"1705\" data-end=\"1818\">\n<p class=\"\" data-start=\"1707\" data-end=\"1818\"><strong data-start=\"1707\" data-end=\"1718\">Bridge:<\/strong> Wilkinson\u00ae WV6-SB Tremolo<br data-start=\"1744\" data-end=\"1747\" \/>Stimmstabil, feinf\u00fchlig und ideal f\u00fcr expressive Vibrato-Spielweisen.<\/p>\n<\/li>\n<li class=\"\" data-start=\"1820\" data-end=\"1942\">\n<p class=\"\" data-start=\"1822\" data-end=\"1942\"><strong data-start=\"1822\" data-end=\"1837\">Mechaniken:<\/strong> Gotoh\u00ae MG-T Locking Tuners<br data-start=\"1864\" data-end=\"1867\" \/>Schnell, pr\u00e4zise und absolut tourtauglich \u2013 ideal f\u00fcr h\u00e4ufiges Umstimmen.<\/p>\n<\/li>\n<li class=\"\" data-start=\"1944\" data-end=\"2040\">\n<p class=\"\" data-start=\"1946\" data-end=\"2040\"><strong data-start=\"1946\" data-end=\"1959\">Hardware:<\/strong> Chrom<br data-start=\"1965\" data-end=\"1968\" \/>Schlicht, funktional und langlebig \u2013 im Einklang mit dem edlen Design.<\/p>\n<\/li>\n<li class=\"\" data-start=\"2042\" data-end=\"2142\">\n<p class=\"\" data-start=\"2044\" data-end=\"2142\"><strong data-start=\"2044\" data-end=\"2055\">Finish:<\/strong> Sunburst Matte<br data-start=\"2070\" data-end=\"2073\" \/>Satinierter Klassiker \u2013 wirkt nat\u00fcrlich und f\u00fchlt sich angenehm an.<\/p>\n<\/li>\n<\/ul>\n<hr class=\"\" data-start=\"2144\" data-end=\"2147\" \/>\n<h3 class=\"\" data-start=\"2149\" data-end=\"2169\"><strong data-start=\"2153\" data-end=\"2169\">Lieferumfang<\/strong><\/h3>\n<ul data-start=\"2171\" data-end=\"2295\">\n<li class=\"\" data-start=\"2171\" data-end=\"2228\">\n<p class=\"\" data-start=\"2173\" data-end=\"2228\">1x Ibanez ATZ10P-STM Andy Timmons Signature E-Gitarre<\/p>\n<\/li>\n<li class=\"\" data-start=\"2229\" data-end=\"2257\">\n<p class=\"\" data-start=\"2231\" data-end=\"2257\">1x Ibanez Premium Gigbag<\/p>\n<\/li>\n<li class=\"\" data-start=\"2258\" data-end=\"2295\">\n<p class=\"\" data-start=\"2260\" data-end=\"2295\">Multitool &amp; Zubeh\u00f6r laut Hersteller<\/p>\n<\/li>\n<\/ul>\n<hr class=\"\" data-start=\"2297\" data-end=\"2300\" \/>\n<h3 class=\"\" data-start=\"2302\" data-end=\"2315\"><strong data-start=\"2306\" data-end=\"2315\">Fazit<\/strong><\/h3>\n<p class=\"\" data-start=\"2317\" data-end=\"2581\">Die <strong data-start=\"2321\" data-end=\"2331\">ATZ10P<\/strong> ist ein modernes Signature-Instrument mit Vintage-Seele. Sie kombiniert Komfort, Tonvielfalt und hohe Verarbeitungsqualit\u00e4t in einem stylischen, schn\u00f6rkellosen Design \u2013 ein echtes Arbeitstier f\u00fcr anspruchsvolle Gitarrist:innen mit klarem Stilgef\u00fchl.<\/p>\n<p>&nbsp;<\/p>\n","protected":false},"excerpt":{"rendered":"<p>AZ Signature<\/p>\n","protected":false},"featured_media":14124,"comment_status":"closed","ping_status":"closed","template":"","meta":[],"product_brand":[],"product_cat":[62,59,56],"product_tag":[],"class_list":{"0":"post-9528","1":"product","2":"type-product","3":"status-publish","4":"has-post-thumbnail","6":"product_cat-all-models","7":"product_cat-az-premium","8":"product_cat-signature","9":"has-post-title","10":"has-post-date","11":"has-post-category","12":"has-post-tag","13":"has-post-comment","14":"has-post-author","15":"","17":"first","18":"onbackorder","19":"taxable","20":"shipping-taxable","21":"purchasable","22":"product-type-simple"},"builder_content":"","_links":{"self":[{"href":"https:\/\/promusic.at\/en\/wp-json\/wp\/v2\/product\/9528","targetHints":{"allow":["GET"]}}],"collection":[{"href":"https:\/\/promusic.at\/en\/wp-json\/wp\/v2\/product"}],"about":[{"href":"https:\/\/promusic.at\/en\/wp-json\/wp\/v2\/types\/product"}],"replies":[{"embeddable":true,"href":"https:\/\/promusic.at\/en\/wp-json\/wp\/v2\/comments?post=9528"}],"wp:featuredmedia":[{"embeddable":true,"href":"https:\/\/promusic.at\/en\/wp-json\/wp\/v2\/media\/14124"}],"wp:attachment":[{"href":"https:\/\/promusic.at\/en\/wp-json\/wp\/v2\/media?parent=9528"}],"wp:term":[{"taxonomy":"product_brand","embeddable":true,"href":"https:\/\/promusic.at\/en\/wp-json\/wp\/v2\/product_brand?post=9528"},{"taxonomy":"product_cat","embeddable":true,"href":"https:\/\/promusic.at\/en\/wp-json\/wp\/v2\/product_cat?post=9528"},{"taxonomy":"product_tag","embeddable":true,"href":"https:\/\/promusic.at\/en\/wp-json\/wp\/v2\/product_tag?post=9528"}],"curies":[{"name":"wp","href":"https:\/\/api.w.org\/{rel}","templated":true}]}}