{"id":6490,"date":"2021-09-30T07:59:43","date_gmt":"2021-09-30T05:59:43","guid":{"rendered":"https:\/\/promusic.at\/?post_type=product&#038;p=6490"},"modified":"2021-09-30T07:59:43","modified_gmt":"2021-09-30T05:59:43","slug":"piccolini-band-1-querfloete","status":"publish","type":"product","link":"https:\/\/promusic.at\/en\/produkt\/piccolini-band-1-querfloete\/","title":{"rendered":"Piccolini Band 1 &#8211; Querfl\u00f6te"},"content":{"rendered":"<p>Schule f\u00fcr Querfl\u00f6te<\/p>\n<!--themify_builder_content-->\n<div id=\"themify_builder_content-6490\" data-postid=\"6490\" class=\"themify_builder_content themify_builder_content-6490 themify_builder tf_clear\">\n    <\/div>\n<!--\/themify_builder_content-->\n","protected":false},"excerpt":{"rendered":"<p>Rapp Verlag<\/p>\n","protected":false},"featured_media":6491,"comment_status":"closed","ping_status":"closed","template":"","meta":[],"product_brand":[],"product_cat":[303],"product_tag":[],"class_list":{"0":"post-6490","1":"product","2":"type-product","3":"status-publish","4":"has-post-thumbnail","6":"product_cat-querfloete","7":"has-post-title","8":"has-post-date","9":"has-post-category","10":"has-post-tag","11":"has-post-comment","12":"has-post-author","13":"","15":"first","16":"instock","17":"taxable","18":"shipping-taxable","19":"purchasable","20":"product-type-simple"},"builder_content":"","_links":{"self":[{"href":"https:\/\/promusic.at\/en\/wp-json\/wp\/v2\/product\/6490","targetHints":{"allow":["GET"]}}],"collection":[{"href":"https:\/\/promusic.at\/en\/wp-json\/wp\/v2\/product"}],"about":[{"href":"https:\/\/promusic.at\/en\/wp-json\/wp\/v2\/types\/product"}],"replies":[{"embeddable":true,"href":"https:\/\/promusic.at\/en\/wp-json\/wp\/v2\/comments?post=6490"}],"wp:featuredmedia":[{"embeddable":true,"href":"https:\/\/promusic.at\/en\/wp-json\/wp\/v2\/media\/6491"}],"wp:attachment":[{"href":"https:\/\/promusic.at\/en\/wp-json\/wp\/v2\/media?parent=6490"}],"wp:term":[{"taxonomy":"product_brand","embeddable":true,"href":"https:\/\/promusic.at\/en\/wp-json\/wp\/v2\/product_brand?post=6490"},{"taxonomy":"product_cat","embeddable":true,"href":"https:\/\/promusic.at\/en\/wp-json\/wp\/v2\/product_cat?post=6490"},{"taxonomy":"product_tag","embeddable":true,"href":"https:\/\/promusic.at\/en\/wp-json\/wp\/v2\/product_tag?post=6490"}],"curies":[{"name":"wp","href":"https:\/\/api.w.org\/{rel}","templated":true}]}}