{"id":36453,"date":"2025-11-06T15:33:49","date_gmt":"2025-11-06T14:33:49","guid":{"rendered":"https:\/\/promusic.at\/?post_type=product&#038;p=36453"},"modified":"2026-01-22T13:16:58","modified_gmt":"2026-01-22T12:16:58","slug":"ibanez-540piii-bk-genesis-p-e-gitarre-6-string-black","status":"publish","type":"product","link":"https:\/\/promusic.at\/en\/produkt\/ibanez-540piii-bk-genesis-p-e-gitarre-6-string-black\/","title":{"rendered":"Ibanez 540PIII-BK Genesis P E-Gitarre 6-String &#8211; Black"},"content":{"rendered":"<p>Highlights:<\/p>\n<p>Super Wizard f\u00fcnfteiliger Ahorn\/Walnus Hals<br \/>\nPalisander Griffbrett<br \/>\nMade in Japan<br \/>\nInfinity R \/ V8 Tonabnehmer<br \/>\nEdge Tremolo<\/p>\n<p>Produktbeschreibung:<br \/>\nDie P-Serie wurde f\u00fcr energiegeladenen Rock und Metal entwickelt und zeichnet sich durch einen radikalen Reversed Body und Headstock, schn\u00f6rkellose Bedienelemente und einen Korpus aus Linde aus. Die P-Serie ist die offensichtliche Antwort&#8230; egal, ob du auf anspruchsvolles Tapping stehst oder die rauesten, schreienden Metal-Leads entfesseln willst.<\/p>\n<p>Die Ibanez Genesis Collection spiegelt die Urspr\u00fcnge legend\u00e4rer Ibanez Gitarren wider und verwendet das gleiche Design und Styling, gepaart mit pr\u00e4ziser Konstruktion und japanischer Handwerkskunst. Diese Serie ist eine Hommage an die Vergangenheit von Ibanez und bietet die gleichen paradigmenver\u00e4ndernden Eigenschaften und die durchschlagende Leistung des Originals.<\/p>\n<p>Die 540PIII kommt mit einem Palisander Griffbrett mit Jumbo B\u00fcnden, einem 5-teiligen Ahorn\/Walnuss Hals und einem Korpus aus Linde. Au\u00dferdem hat sie Infinity R \/ V8 Pickups und ein Edge Tremolo.<br \/>\nSpezifikationen:<br \/>\nKategorie Genesis<br \/>\nSerie P<br \/>\nAnzahl der Saiten 6<br \/>\nFarbe Black<br \/>\nKorpus Linde<br \/>\nKorpus Finish Gloss Polyester<br \/>\nHals F\u00fcnfteilig Ahorn\/Walnuss<br \/>\nMensur (inch) 25,5<br \/>\nMensur (mm) 648<br \/>\nHalsprofil Super Wizard<br \/>\nHalsdicke 1.Bund (mm) 17<br \/>\nHalsdicke 12. Bund (mm) 19<br \/>\nHals Finish Satin Polyurethane<br \/>\nHals-Korpus-\u00dcbergang Geschraubt<br \/>\nSattel Locking<br \/>\nHalsbreite Sattel (mm) 43<br \/>\nHalsbreite Ende (mm) 58<br \/>\nGriffbrett Eingefasstes Palisander<br \/>\nGriffbrettradius (mm) 430<br \/>\nInlay White Sharktooth<\/p>\n","protected":false},"excerpt":{"rendered":"<p>Ibanez<\/p>\n","protected":false},"featured_media":36454,"comment_status":"closed","ping_status":"closed","template":"","meta":[],"product_brand":[],"product_cat":[62,53],"product_tag":[],"class_list":{"0":"post-36453","1":"product","2":"type-product","3":"status-publish","4":"has-post-thumbnail","6":"product_cat-all-models","7":"product_cat-ibanez","8":"has-post-title","9":"has-post-date","10":"has-post-category","11":"has-post-tag","12":"has-post-comment","13":"has-post-author","14":"","16":"first","17":"onbackorder","18":"taxable","19":"shipping-taxable","20":"purchasable","21":"product-type-simple"},"builder_content":"","_links":{"self":[{"href":"https:\/\/promusic.at\/en\/wp-json\/wp\/v2\/product\/36453","targetHints":{"allow":["GET"]}}],"collection":[{"href":"https:\/\/promusic.at\/en\/wp-json\/wp\/v2\/product"}],"about":[{"href":"https:\/\/promusic.at\/en\/wp-json\/wp\/v2\/types\/product"}],"replies":[{"embeddable":true,"href":"https:\/\/promusic.at\/en\/wp-json\/wp\/v2\/comments?post=36453"}],"wp:featuredmedia":[{"embeddable":true,"href":"https:\/\/promusic.at\/en\/wp-json\/wp\/v2\/media\/36454"}],"wp:attachment":[{"href":"https:\/\/promusic.at\/en\/wp-json\/wp\/v2\/media?parent=36453"}],"wp:term":[{"taxonomy":"product_brand","embeddable":true,"href":"https:\/\/promusic.at\/en\/wp-json\/wp\/v2\/product_brand?post=36453"},{"taxonomy":"product_cat","embeddable":true,"href":"https:\/\/promusic.at\/en\/wp-json\/wp\/v2\/product_cat?post=36453"},{"taxonomy":"product_tag","embeddable":true,"href":"https:\/\/promusic.at\/en\/wp-json\/wp\/v2\/product_tag?post=36453"}],"curies":[{"name":"wp","href":"https:\/\/api.w.org\/{rel}","templated":true}]}}