{"id":3585,"date":"2021-05-20T10:46:22","date_gmt":"2021-05-20T08:46:22","guid":{"rendered":"https:\/\/promusic.at\/?post_type=product&#038;p=3585"},"modified":"2026-01-16T17:56:08","modified_gmt":"2026-01-16T16:56:08","slug":"ibanez-thbb10-tim-henson-signature-az-premium-6-string-gigbag-b-stock","status":"publish","type":"product","link":"https:\/\/promusic.at\/en\/produkt\/ibanez-thbb10-tim-henson-signature-az-premium-6-string-gigbag-b-stock\/","title":{"rendered":"Ibanez THBB10 Tim Henson Signature AZ-Premium 6 String + Gigbag"},"content":{"rendered":"<div>\n<blockquote data-start=\"350\" data-end=\"463\">\n<p class=\"\" data-start=\"352\" data-end=\"463\"><em data-start=\"352\" data-end=\"463\">&#8220;Diese Gitarre klingt wie Future Funk, sieht aus wie Jazz auf Steroiden \u2013 und spielt sich wie ein Cheatcode.\u201c<\/em><\/p>\n<\/blockquote>\n<hr class=\"\" data-start=\"465\" data-end=\"468\" \/>\n<p class=\"\" data-start=\"470\" data-end=\"738\">Willkommen in der Klangwelt von <strong data-start=\"502\" data-end=\"516\">Tim Henson<\/strong> \u2013 Gitarrenvirtuose, Polyphia-Frontmann und Profi darin, aus Noten Architektur zu bauen.<br data-start=\"604\" data-end=\"607\" \/>Die <strong data-start=\"611\" data-end=\"621\">THBB10<\/strong> ist kein Signature-Instrument von der Stange \u2013 sie ist der Beweis, dass man Innovation auch mit Stil servieren kann.<\/p>\n<p class=\"\" data-start=\"740\" data-end=\"940\">Elegant in <strong data-start=\"751\" data-end=\"778\">Black with Gold Accents<\/strong>, technisch pr\u00e4zise wie ein Laserskalpell und vollgepackt mit modernen Features f\u00fcr kreative Grenzg\u00e4nger \u2013 diese Gitarre ist dein Sprungbrett in neue Dimensionen.<\/p>\n<hr class=\"\" data-start=\"942\" data-end=\"945\" \/>\n<h3 class=\"\" data-start=\"947\" data-end=\"1013\"><strong data-start=\"951\" data-end=\"1013\">Technische Daten \u2013 oder: Wie viel Style passt in 6 Saiten?<\/strong><\/h3>\n<ul data-start=\"1015\" data-end=\"2068\">\n<li class=\"\" data-start=\"1015\" data-end=\"1119\">\n<p class=\"\" data-start=\"1017\" data-end=\"1119\"><strong data-start=\"1017\" data-end=\"1028\">Korpus:<\/strong> American Basswood<br data-start=\"1046\" data-end=\"1049\" \/>Leicht, resonant und perfekt f\u00fcr moderne Sounds mit klarer Ansprache<\/p>\n<\/li>\n<li class=\"\" data-start=\"1121\" data-end=\"1234\">\n<p class=\"\" data-start=\"1123\" data-end=\"1234\"><strong data-start=\"1123\" data-end=\"1132\">Hals:<\/strong> Roasted Maple, AZ Oval C, geschraubt<br data-start=\"1169\" data-end=\"1172\" \/>Stabil &amp; geschmeidig \u2013 selbst bei ultraflachen Shred-Fahrten<\/p>\n<\/li>\n<li class=\"\" data-start=\"1236\" data-end=\"1352\">\n<p class=\"\" data-start=\"1238\" data-end=\"1352\"><strong data-start=\"1238\" data-end=\"1253\">Griffbrett:<\/strong> Roasted Maple mit Black Dot Inlays<br data-start=\"1288\" data-end=\"1291\" \/>Hell, direkt und ungew\u00f6hnlich stylish \u2013 eben wie Tim selbst<\/p>\n<\/li>\n<li class=\"\" data-start=\"1354\" data-end=\"1449\">\n<p class=\"\" data-start=\"1356\" data-end=\"1449\"><strong data-start=\"1356\" data-end=\"1366\">B\u00fcnde:<\/strong> 22 Jumbo Stainless Steel<br data-start=\"1391\" data-end=\"1394\" \/>F\u00fcr endloses Bend-Vergn\u00fcgen ohne Abrieb \u2013 shred ready<\/p>\n<\/li>\n<li class=\"\" data-start=\"1451\" data-end=\"1653\">\n<p class=\"\" data-start=\"1453\" data-end=\"1471\"><strong data-start=\"1453\" data-end=\"1469\">Tonabnehmer:<\/strong><\/p>\n<ul data-start=\"1474\" data-end=\"1653\">\n<li class=\"\" data-start=\"1474\" data-end=\"1653\">\n<p class=\"\" data-start=\"1476\" data-end=\"1525\"><strong data-start=\"1476\" data-end=\"1523\">3x DiMarzio\u00ae Notorious\u2122 (SSH-Konfiguration)<\/strong><\/p>\n<ul data-start=\"1530\" data-end=\"1653\">\n<li class=\"\" data-start=\"1530\" data-end=\"1569\">\n<p class=\"\" data-start=\"1532\" data-end=\"1569\">Steg: Mini-Humbucker mit Klarheit<\/p>\n<\/li>\n<li class=\"\" data-start=\"1574\" data-end=\"1653\">\n<p class=\"\" data-start=\"1576\" data-end=\"1653\">Mitte\/Hals: stratartig, aber moderner \u2013 ideal f\u00fcr cleane Polyphia-Style-Lines<\/p>\n<\/li>\n<\/ul>\n<\/li>\n<\/ul>\n<\/li>\n<li class=\"\" data-start=\"1655\" data-end=\"1799\">\n<p class=\"\" data-start=\"1657\" data-end=\"1673\"><strong data-start=\"1657\" data-end=\"1671\">Schaltung:<\/strong><\/p>\n<ul data-start=\"1676\" data-end=\"1799\">\n<li class=\"\" data-start=\"1676\" data-end=\"1693\">\n<p class=\"\" data-start=\"1678\" data-end=\"1693\">5-Wege-Switch<\/p>\n<\/li>\n<li class=\"\" data-start=\"1696\" data-end=\"1740\">\n<p class=\"\" data-start=\"1698\" data-end=\"1740\">Volumeregler mit superlinearer Kontrolle<\/p>\n<\/li>\n<li class=\"\" data-start=\"1743\" data-end=\"1799\">\n<p class=\"\" data-start=\"1745\" data-end=\"1799\">Kein Tone-Regler. Warum? Weil\u2019s auch ohne rund klingt.<\/p>\n<\/li>\n<\/ul>\n<\/li>\n<li class=\"\" data-start=\"1801\" data-end=\"1899\">\n<p class=\"\" data-start=\"1803\" data-end=\"1899\"><strong data-start=\"1803\" data-end=\"1814\">Bridge:<\/strong> Gotoh\u00ae T1502<br data-start=\"1827\" data-end=\"1830\" \/>Stabil, smooth und stimmfest selbst bei mutwilligen Whammy-Attacken<\/p>\n<\/li>\n<li class=\"\" data-start=\"1901\" data-end=\"1979\">\n<p class=\"\" data-start=\"1903\" data-end=\"1979\"><strong data-start=\"1903\" data-end=\"1918\">Mechaniken:<\/strong> Gotoh\u00ae Locking<br data-start=\"1933\" data-end=\"1936\" \/>Stimmen war gestern \u2013 heute wird gespielt<\/p>\n<\/li>\n<li class=\"\" data-start=\"1981\" data-end=\"2068\">\n<p class=\"\" data-start=\"1983\" data-end=\"2068\"><strong data-start=\"1983\" data-end=\"1994\">Finish:<\/strong> Schwarz mit Gold-Hardware<br data-start=\"2020\" data-end=\"2023\" \/>Understatement? Nein. Statement? Definitiv.<\/p>\n<\/li>\n<\/ul>\n<hr class=\"\" data-start=\"2070\" data-end=\"2073\" \/>\n<h3 class=\"\" data-start=\"2075\" data-end=\"2096\"><strong data-start=\"2079\" data-end=\"2096\">Lieferumfang:<\/strong><\/h3>\n<ul data-start=\"2098\" data-end=\"2238\">\n<li class=\"\" data-start=\"2098\" data-end=\"2125\">\n<p class=\"\" data-start=\"2100\" data-end=\"2125\">Ibanez THBB10 Signature<\/p>\n<\/li>\n<li class=\"\" data-start=\"2126\" data-end=\"2144\">\n<p class=\"\" data-start=\"2128\" data-end=\"2144\">Premium Gigbag<\/p>\n<\/li>\n<li class=\"\" data-start=\"2145\" data-end=\"2168\">\n<p class=\"\" data-start=\"2147\" data-end=\"2168\">Zubeh\u00f6r &amp; Multitool<\/p>\n<\/li>\n<\/ul>\n<hr class=\"\" data-start=\"2240\" data-end=\"2243\" \/>\n<h3 class=\"\" data-start=\"2245\" data-end=\"2261\"><strong data-start=\"2249\" data-end=\"2259\">Fazit:<\/strong><\/h3>\n<p class=\"\" data-start=\"2262\" data-end=\"2460\">Ob du nun Tims Licks nachspielst oder deinen eigenen Style entwickelst \u2013 die THBB10 ist bereit.<br data-start=\"2357\" data-end=\"2360\" \/>F\u00fcr Studio, B\u00fchne, Loopstation oder TikTok.<\/p>\n<\/div>\n<div>\n<p class=\"\" data-start=\"2509\" data-end=\"2777\">\n<\/div>\n<div><\/div>\n","protected":false},"excerpt":{"rendered":"<p>Tim Henson Signature<\/p>\n","protected":false},"featured_media":18540,"comment_status":"closed","ping_status":"closed","template":"","meta":[],"product_brand":[],"product_cat":[62,59,56],"product_tag":[],"class_list":{"0":"post-3585","1":"product","2":"type-product","3":"status-publish","4":"has-post-thumbnail","6":"product_cat-all-models","7":"product_cat-az-premium","8":"product_cat-signature","9":"has-post-title","10":"has-post-date","11":"has-post-category","12":"has-post-tag","13":"has-post-comment","14":"has-post-author","15":"","17":"first","18":"outofstock","19":"taxable","20":"shipping-taxable","21":"purchasable","22":"product-type-simple"},"builder_content":"","_links":{"self":[{"href":"https:\/\/promusic.at\/en\/wp-json\/wp\/v2\/product\/3585","targetHints":{"allow":["GET"]}}],"collection":[{"href":"https:\/\/promusic.at\/en\/wp-json\/wp\/v2\/product"}],"about":[{"href":"https:\/\/promusic.at\/en\/wp-json\/wp\/v2\/types\/product"}],"replies":[{"embeddable":true,"href":"https:\/\/promusic.at\/en\/wp-json\/wp\/v2\/comments?post=3585"}],"wp:featuredmedia":[{"embeddable":true,"href":"https:\/\/promusic.at\/en\/wp-json\/wp\/v2\/media\/18540"}],"wp:attachment":[{"href":"https:\/\/promusic.at\/en\/wp-json\/wp\/v2\/media?parent=3585"}],"wp:term":[{"taxonomy":"product_brand","embeddable":true,"href":"https:\/\/promusic.at\/en\/wp-json\/wp\/v2\/product_brand?post=3585"},{"taxonomy":"product_cat","embeddable":true,"href":"https:\/\/promusic.at\/en\/wp-json\/wp\/v2\/product_cat?post=3585"},{"taxonomy":"product_tag","embeddable":true,"href":"https:\/\/promusic.at\/en\/wp-json\/wp\/v2\/product_tag?post=3585"}],"curies":[{"name":"wp","href":"https:\/\/api.w.org\/{rel}","templated":true}]}}