{"id":19316,"date":"2024-11-27T16:47:51","date_gmt":"2024-11-27T15:47:51","guid":{"rendered":"https:\/\/promusic.at\/?post_type=product&#038;p=19316"},"modified":"2025-11-28T09:14:30","modified_gmt":"2025-11-28T08:14:30","slug":"fridolins-weihnachtsalbum","status":"publish","type":"product","link":"https:\/\/promusic.at\/en\/produkt\/fridolins-weihnachtsalbum\/","title":{"rendered":"Fridolins Weihnachtsalbum"},"content":{"rendered":"<p>Leichte Weihnachtslieder f\u00fcr 1 oder 2 Gitarren oder Melodieinstrument und Gitarre<\/p>\n<p>In der Weihnachtszeit m\u00f6chten GitarrenspielerInnen ihre F\u00e4higkeiten und Lernerfolge unter Beweis stellen oder auch gemeinsam mit anderen Weihnachtslieder singen und spielen. Schon wer sich die ersten T\u00f6ne auf der Gitarre angeeignet hat, kann viele der in diesem Album enthaltenen Lieder spielen. Auch die Stimme der begleitenden 2. Gitarre ist leicht einzu\u00fcben. F\u00fcr fortgeschrittenere Gitarristen enth\u00e4lt das Album die gleichen Lieder in anspruchsvolleren zweistimmigen S\u00e4tzen.<\/p>\n<p>Alle Jahre wieder<br \/>\nAm Weihnachtsbaum<br \/>\nFum, fum, fum<br \/>\nIhr Kinderlein kommet<br \/>\nIl est n\u00e9, le divin Enfant<br \/>\nLa\u00dft uns das Kindlein wiegen<br \/>\nLa\u00dft uns froh und munter sein<br \/>\nLeise rieselt der Schnee<br \/>\nLes anges dans nos compagnes<br \/>\nMorgen, Kinder, wird&#8217;s was geben<br \/>\nMorgen kommt der Weihnachtsmann<br \/>\nN\u00e4r juldagsmorgon glimmar<br \/>\nO du fr\u00f6hliche<br \/>\nQuem pastores laudavere<br \/>\nSchneefl\u00f6ckchen, Wei\u00dfr\u00f6ckchen<br \/>\nTochter Zion<br \/>\nWas soll das bedeuten?<br \/>\nWe Wish You a Merry Christmas<br \/>\nWinds through the Olive Trees<\/p>\n","protected":false},"excerpt":{"rendered":"<p>Hans Joachim Teschner<\/p>\n","protected":false},"featured_media":19317,"comment_status":"closed","ping_status":"closed","template":"","meta":[],"product_brand":[],"product_cat":[91,310],"product_tag":[],"class_list":{"0":"post-19316","1":"product","2":"type-product","3":"status-publish","4":"has-post-thumbnail","6":"product_cat-gitarre","7":"product_cat-weihnachten","8":"has-post-title","9":"has-post-date","10":"has-post-category","11":"has-post-tag","12":"has-post-comment","13":"has-post-author","14":"","16":"first","17":"instock","18":"taxable","19":"shipping-taxable","20":"purchasable","21":"product-type-simple"},"builder_content":"","_links":{"self":[{"href":"https:\/\/promusic.at\/en\/wp-json\/wp\/v2\/product\/19316","targetHints":{"allow":["GET"]}}],"collection":[{"href":"https:\/\/promusic.at\/en\/wp-json\/wp\/v2\/product"}],"about":[{"href":"https:\/\/promusic.at\/en\/wp-json\/wp\/v2\/types\/product"}],"replies":[{"embeddable":true,"href":"https:\/\/promusic.at\/en\/wp-json\/wp\/v2\/comments?post=19316"}],"wp:featuredmedia":[{"embeddable":true,"href":"https:\/\/promusic.at\/en\/wp-json\/wp\/v2\/media\/19317"}],"wp:attachment":[{"href":"https:\/\/promusic.at\/en\/wp-json\/wp\/v2\/media?parent=19316"}],"wp:term":[{"taxonomy":"product_brand","embeddable":true,"href":"https:\/\/promusic.at\/en\/wp-json\/wp\/v2\/product_brand?post=19316"},{"taxonomy":"product_cat","embeddable":true,"href":"https:\/\/promusic.at\/en\/wp-json\/wp\/v2\/product_cat?post=19316"},{"taxonomy":"product_tag","embeddable":true,"href":"https:\/\/promusic.at\/en\/wp-json\/wp\/v2\/product_tag?post=19316"}],"curies":[{"name":"wp","href":"https:\/\/api.w.org\/{rel}","templated":true}]}}