{"id":18611,"date":"2024-10-02T22:46:37","date_gmt":"2024-10-02T20:46:37","guid":{"rendered":"https:\/\/promusic.at\/?post_type=product&#038;p=18611"},"modified":"2024-10-03T14:40:13","modified_gmt":"2024-10-03T12:40:13","slug":"workshop-gypsy-swing-guitar","status":"publish","type":"product","link":"https:\/\/promusic.at\/en\/produkt\/workshop-gypsy-swing-guitar\/","title":{"rendered":"Workshop Gypsy Swing Guitar"},"content":{"rendered":"<p>Entdecke die faszinierende Welt des Gypsy-Swings \u2013 eine musikalische Tradition, die in den 1920er Jahren in Frankreich entstand und von K\u00fcnstlern wie Django Reinhardt und St\u00e9phane Grapelli gepr\u00e4gt wurde. Tauche ein in den einzigartigen Rhythmus von &#8220;La Pompe&#8221; und erlebe die Kunst der improvisierten Arpeggios. Joscho Stephan, einer der herausragendsten Gypsy-Swing-Musiker unserer Zeit, teilt sein Wissen und seine Leidenschaft in einem innovativen Workshop. In Zusammenarbeit mit Dieter Kreidler, dem bekannten klassischen Gitarristen, Autor und Komponisten, werden die Grundlagen dieses faszinierenden Genres in didaktisch aufbereiteten Lernschritten auch f\u00fcr Klassikgitarristen zug\u00e4nglich gemacht. Von akustischen Gitarren mit Plektrum bis hin zur Anwendung auf klassischen Konzertgitarren mit Nylonsaiten \u2013 dieser Workshop bietet eine einzigartige M\u00f6glichkeit, die Welt des Gypsy-Swings zu erkunden und zu beherrschen. Mach dich bereit, deinen Horizont zu erweitern und in die faszinierende Welt des Gypsy-Swings einzutauchen!<\/p>\n","protected":false},"excerpt":{"rendered":"<p>Bestellnummer: ED 23886D<br \/>\nDieter Kreidler<\/p>\n","protected":false},"featured_media":18612,"comment_status":"closed","ping_status":"closed","template":"","meta":[],"product_brand":[],"product_cat":[91],"product_tag":[],"class_list":{"0":"post-18611","1":"product","2":"type-product","3":"status-publish","4":"has-post-thumbnail","6":"product_cat-gitarre","7":"has-post-title","8":"has-post-date","9":"has-post-category","10":"has-post-tag","11":"has-post-comment","12":"has-post-author","13":"","15":"first","16":"onbackorder","17":"taxable","18":"shipping-taxable","19":"purchasable","20":"product-type-simple"},"builder_content":"","_links":{"self":[{"href":"https:\/\/promusic.at\/en\/wp-json\/wp\/v2\/product\/18611","targetHints":{"allow":["GET"]}}],"collection":[{"href":"https:\/\/promusic.at\/en\/wp-json\/wp\/v2\/product"}],"about":[{"href":"https:\/\/promusic.at\/en\/wp-json\/wp\/v2\/types\/product"}],"replies":[{"embeddable":true,"href":"https:\/\/promusic.at\/en\/wp-json\/wp\/v2\/comments?post=18611"}],"wp:featuredmedia":[{"embeddable":true,"href":"https:\/\/promusic.at\/en\/wp-json\/wp\/v2\/media\/18612"}],"wp:attachment":[{"href":"https:\/\/promusic.at\/en\/wp-json\/wp\/v2\/media?parent=18611"}],"wp:term":[{"taxonomy":"product_brand","embeddable":true,"href":"https:\/\/promusic.at\/en\/wp-json\/wp\/v2\/product_brand?post=18611"},{"taxonomy":"product_cat","embeddable":true,"href":"https:\/\/promusic.at\/en\/wp-json\/wp\/v2\/product_cat?post=18611"},{"taxonomy":"product_tag","embeddable":true,"href":"https:\/\/promusic.at\/en\/wp-json\/wp\/v2\/product_tag?post=18611"}],"curies":[{"name":"wp","href":"https:\/\/api.w.org\/{rel}","templated":true}]}}